{"id":520,"date":"2018-01-29T14:23:09","date_gmt":"2018-01-29T17:23:09","guid":{"rendered":"http:\/\/www.cambioschaco.com.py\/?page_id=520\/"},"modified":"2018-01-29T14:23:46","modified_gmt":"2018-01-29T17:23:46","slug":"servicios","status":"publish","type":"page","link":"https:\/\/www.cambioschaco.com.py\/pt-br\/servicios\/","title":{"rendered":"Servi\u00e7os"},"content":{"rendered":"<h2 align=\"justify\"><span class=\"bold\">Nossos Servi\u00e7os<\/span><\/h2>\n<ul>\n<li>\n<p align=\"justify\">Compra &#8211; venda de moedas estrangeiras:<br \/>\nTrocamos mais de 24 moedas em suas v\u00e1rias formas.<\/p>\n<\/li>\n<li>\n<p align=\"justify\">Emiss\u00e3o e recebimento de ordens de pagamento nacionais em tempo real:<br \/>\nAtrav\u00e9s da nossa rede de ag\u00eancias em todo o pa\u00eds, com o menor custo.<\/p>\n<\/li>\n<li>\n<p align=\"justify\">Emiss\u00e3o e recep\u00e7\u00e3o de transfer\u00eancias internacionais atrav\u00e9s de correspondentes:<br \/>\nAtrav\u00e9s das empresas de mudan\u00e7as e transfer\u00eancias associadas, no menor tempo e baixo custo.<\/p>\n<\/li>\n<li>\n<p align=\"justify\"><span class=\"bold\">\u201c<strong>CAIXA EXPRESS<\/strong>\u201d<\/span> : sempre pensando em seguran\u00e7a, praticidade e conforto para nossos clientes, habilitamos o servi\u00e7o expresso que s\u00e3o pequenos caixas eletr\u00f4nicos equipados com a mais alta seguran\u00e7a para os clientes, onde o servi\u00e7o \u00e9 personalizado e eles funcionam em horas prolongadas at\u00e9 20 Hs. De segunda a s\u00e1bado, tanto para troca de moeda quanto para emiss\u00e3o e recebimento de transfer\u00eancias.<\/p>\n<\/li>\n<\/ul>\n<h2 align=\"justify\"><span class=\"bold\">VALORES CORPORATIVOS<\/span><\/h2>\n<ul>\n<li>Seriedade e honestidade no servi\u00e7o.<\/li>\n<li>Cumprimento estrito da legisla\u00e7\u00e3o vigente.<\/li>\n<li>Fornecer aos clientes um servi\u00e7o personalizado e eficiente a um pre\u00e7o competitivo.<\/li>\n<li>Satisfa\u00e7\u00e3o do cliente interno.<\/li>\n<li>Al\u00e9m dos controles estabelecidos pela Superintend\u00eancia de Bancos do Banco Central do Paraguai, Cambios Chaco S.A. adotou pol\u00edticas e procedimentos internos para prevenir o lavagem de dinheiro e alcan\u00e7ar a excel\u00eancia no atendimento aos seus clientes<\/li>\n<\/ul>\n","protected":false},"excerpt":{"rendered":"<p>Nossos Servi\u00e7os Compra &#8211; venda de moedas estrangeiras: Trocamos mais de 24 moedas em suas v\u00e1rias formas. Emiss\u00e3o e recebimento de ordens de pagamento nacionais em tempo real: Atrav\u00e9s da nossa rede de ag\u00eancias em todo o pa\u00eds, com o menor custo. Emiss\u00e3o e recep\u00e7\u00e3o de transfer\u00eancias internacionais atrav\u00e9s de correspondentes: Atrav\u00e9s das empresas de [&hellip;]<\/p>\n","protected":false},"author":4,"featured_media":0,"parent":0,"menu_order":0,"comment_status":"closed","ping_status":"closed","template":"","meta":{"footnotes":""},"class_list":["post-520","page","type-page","status-publish","hentry"],"_links":{"self":[{"href":"https:\/\/www.cambioschaco.com.py\/pt-br\/wp-json\/wp\/v2\/pages\/520","targetHints":{"allow":["GET"]}}],"collection":[{"href":"https:\/\/www.cambioschaco.com.py\/pt-br\/wp-json\/wp\/v2\/pages"}],"about":[{"href":"https:\/\/www.cambioschaco.com.py\/pt-br\/wp-json\/wp\/v2\/types\/page"}],"author":[{"embeddable":true,"href":"https:\/\/www.cambioschaco.com.py\/pt-br\/wp-json\/wp\/v2\/users\/4"}],"replies":[{"embeddable":true,"href":"https:\/\/www.cambioschaco.com.py\/pt-br\/wp-json\/wp\/v2\/comments?post=520"}],"version-history":[{"count":2,"href":"https:\/\/www.cambioschaco.com.py\/pt-br\/wp-json\/wp\/v2\/pages\/520\/revisions"}],"predecessor-version":[{"id":522,"href":"https:\/\/www.cambioschaco.com.py\/pt-br\/wp-json\/wp\/v2\/pages\/520\/revisions\/522"}],"wp:attachment":[{"href":"https:\/\/www.cambioschaco.com.py\/pt-br\/wp-json\/wp\/v2\/media?parent=520"}],"curies":[{"name":"wp","href":"https:\/\/api.w.org\/{rel}","templated":true}]}}