{"id":534,"date":"2018-01-29T14:33:20","date_gmt":"2018-01-29T17:33:20","guid":{"rendered":"http:\/\/www.cambioschaco.com.py\/?page_id=534\/"},"modified":"2018-01-29T14:34:15","modified_gmt":"2018-01-29T17:34:15","slug":"widget","status":"publish","type":"page","link":"https:\/\/www.cambioschaco.com.py\/pt-br\/widget\/","title":{"rendered":"Ferramentas"},"content":{"rendered":"<p>Voc\u00ea poder ter as cota\u00e7\u00f5es de <strong>Cambios Chaco<\/strong> no seu sitio, simplesmente ingesando o tamanho desejado e copiando no <strong>C\u00f3digo generado<\/strong> dentro do html.<\/p>\n","protected":false},"excerpt":{"rendered":"<p>Voc\u00ea poder ter as cota\u00e7\u00f5es de Cambios Chaco no seu sitio, simplesmente ingesando o tamanho desejado e copiando no C\u00f3digo generado dentro do html.<\/p>\n","protected":false},"author":4,"featured_media":0,"parent":0,"menu_order":0,"comment_status":"closed","ping_status":"closed","template":"template_widget_exchange.php","meta":{"footnotes":""},"class_list":["post-534","page","type-page","status-publish","hentry"],"_links":{"self":[{"href":"https:\/\/www.cambioschaco.com.py\/pt-br\/wp-json\/wp\/v2\/pages\/534","targetHints":{"allow":["GET"]}}],"collection":[{"href":"https:\/\/www.cambioschaco.com.py\/pt-br\/wp-json\/wp\/v2\/pages"}],"about":[{"href":"https:\/\/www.cambioschaco.com.py\/pt-br\/wp-json\/wp\/v2\/types\/page"}],"author":[{"embeddable":true,"href":"https:\/\/www.cambioschaco.com.py\/pt-br\/wp-json\/wp\/v2\/users\/4"}],"replies":[{"embeddable":true,"href":"https:\/\/www.cambioschaco.com.py\/pt-br\/wp-json\/wp\/v2\/comments?post=534"}],"version-history":[{"count":2,"href":"https:\/\/www.cambioschaco.com.py\/pt-br\/wp-json\/wp\/v2\/pages\/534\/revisions"}],"predecessor-version":[{"id":536,"href":"https:\/\/www.cambioschaco.com.py\/pt-br\/wp-json\/wp\/v2\/pages\/534\/revisions\/536"}],"wp:attachment":[{"href":"https:\/\/www.cambioschaco.com.py\/pt-br\/wp-json\/wp\/v2\/media?parent=534"}],"curies":[{"name":"wp","href":"https:\/\/api.w.org\/{rel}","templated":true}]}}