{"id":540,"date":"2018-01-29T14:37:12","date_gmt":"2018-01-29T17:37:12","guid":{"rendered":"http:\/\/www.cambioschaco.com.py\/?page_id=540\/"},"modified":"2018-01-29T14:37:58","modified_gmt":"2018-01-29T17:37:58","slug":"la-empresa","status":"publish","type":"page","link":"https:\/\/www.cambioschaco.com.py\/pt-br\/la-empresa\/","title":{"rendered":"A Empresa"},"content":{"rendered":"<p>Cambios Chaco S.A. foi autorizada pela Resolu\u00e7\u00e3o n\u00ba 13, Lei n\u00ba 72, de 24 de maio de 1989, do Banco Central do Paraguai.<\/p>\n<p>A empresa iniciou como Companhia de Responsabilidade Limitada em 1992, e transformou seu Nome Corporativo em uma Companhia Aberta com o objetivo de se ajustar aos requisitos das entidades financeiras envolvidas no quadro de controle da Superintend\u00eancia de Bancos., corpo de inspe\u00e7\u00e3o das Casas de Cambios.<\/p>\n<p>Sendo uma Sociedade An\u00f4nima, o Conselho de Administra\u00e7\u00e3o \u00e9 o \u00f3rg\u00e3o deliberativo da entidade e \u00e9 composto por dois \u00fanicos acionistas, dois membros regulares e dois membros suplentes, toda a nacionalidade paraguaia e com ampla experi\u00eancia no neg\u00f3cio cambial.<\/p>\n<h2>MISS\u00c3O<\/h2>\n<p>Nossa miss\u00e3o \u00e9 ser reconhecida como a Casa de C\u00e2mbios que oferece aos seus clientes o melhor servi\u00e7o em mudan\u00e7as e transfer\u00eancias com efici\u00eancia, responsabilidade e pre\u00e7os competitivos.<\/p>\n<h2>CAPITAL HUMANO<\/h2>\n<p>Atualmente Cambios Chaco S.A. \u00e9 uma fonte de trabalho para mais de 250 pessoas. Consciente de que o maior patrim\u00f4nio de uma empresa \u00e9 representada por seus recursos humanos, implementamos um cronograma de treinamento permanente para funcion\u00e1rios que sempre atendem \u00e0 presta\u00e7\u00e3o de servi\u00e7os voltados para a qualidade total. \u00c9 importante mencionar que a cultura da empresa consiste na satisfa\u00e7\u00e3o dos Clientes, fatores fundamentais para alcan\u00e7ar um crescimento cont\u00ednuo e sustentado, proporcionando confian\u00e7a, seguran\u00e7a e seriedade, adere\u00e7os sobre os quais se baseia toda a estrutura organizacional, comprometidos com a Qualidade, Transpar\u00eancia, profissionalismo e \u00e9tica no mundo dos neg\u00f3cios.<\/p>\n<h2>TECNOLOGIA<\/h2>\n<p>Cambios Chaco S.A. \u00e9 uma empresa que acompanha as inova\u00e7\u00f5es na \u00e1rea tecnol\u00f3gica, por isso fez investimentos significativos no que diz respeito ao hardware e software, buscando racionalizar seus processos operacionais, para que sejam seguros e confi\u00e1veis para clientes, supervisores e o apartamento executivo Al\u00e9m disso, todas as instala\u00e7\u00f5es est\u00e3o equipadas com as mais recentes c\u00e2meras de tecnologia que est\u00e3o monitorando e registrando constantemente o movimento di\u00e1rio, para criar um ambiente seguro para os clientes, o que, por sua vez, constitui uma importante vantagem competitiva.<\/p>\n<h2>PLANOS ESTRAT\u00c9GICOS<\/h2>\n<p>Atualmente Cambios Chaco SA est\u00e1 imersa em um plano de expans\u00e3o nacional \u00e0 procura de novos pontos que oferecem oportunidades de neg\u00f3cios, tamb\u00e9m busca estabelecer novos contatos a n\u00edvel internacional, sempre com o objetivo de oferecer aos clientes um melhor servi\u00e7o atrav\u00e9s de maior proximidade com eles.<\/p>\n<p>Cambios Chaco S.A. esfor\u00e7a-se para manter sua lideran\u00e7a em termos de rentabilidade e posicionamento no mercado de c\u00e2mbio, um fato que confirma que nossa empresa sempre estar\u00e1 em busca de excel\u00eancia e realiza\u00e7\u00e3o dos objetivos estabelecidos pela Alta Administra\u00e7\u00e3o, levando a qualidade como padr\u00e3o o servi\u00e7o e a satisfa\u00e7\u00e3o de seus clientes.<\/p>\n","protected":false},"excerpt":{"rendered":"<p>Cambios Chaco S.A. foi autorizada pela Resolu\u00e7\u00e3o n\u00ba 13, Lei n\u00ba 72, de 24 de maio de 1989, do Banco Central do Paraguai. A empresa iniciou como Companhia de Responsabilidade Limitada em 1992, e transformou seu Nome Corporativo em uma Companhia Aberta com o objetivo de se ajustar aos requisitos das entidades financeiras envolvidas no [&hellip;]<\/p>\n","protected":false},"author":4,"featured_media":0,"parent":0,"menu_order":1,"comment_status":"closed","ping_status":"closed","template":"","meta":{"footnotes":""},"class_list":["post-540","page","type-page","status-publish","hentry"],"_links":{"self":[{"href":"https:\/\/www.cambioschaco.com.py\/pt-br\/wp-json\/wp\/v2\/pages\/540","targetHints":{"allow":["GET"]}}],"collection":[{"href":"https:\/\/www.cambioschaco.com.py\/pt-br\/wp-json\/wp\/v2\/pages"}],"about":[{"href":"https:\/\/www.cambioschaco.com.py\/pt-br\/wp-json\/wp\/v2\/types\/page"}],"author":[{"embeddable":true,"href":"https:\/\/www.cambioschaco.com.py\/pt-br\/wp-json\/wp\/v2\/users\/4"}],"replies":[{"embeddable":true,"href":"https:\/\/www.cambioschaco.com.py\/pt-br\/wp-json\/wp\/v2\/comments?post=540"}],"version-history":[{"count":2,"href":"https:\/\/www.cambioschaco.com.py\/pt-br\/wp-json\/wp\/v2\/pages\/540\/revisions"}],"predecessor-version":[{"id":542,"href":"https:\/\/www.cambioschaco.com.py\/pt-br\/wp-json\/wp\/v2\/pages\/540\/revisions\/542"}],"wp:attachment":[{"href":"https:\/\/www.cambioschaco.com.py\/pt-br\/wp-json\/wp\/v2\/media?parent=540"}],"curies":[{"name":"wp","href":"https:\/\/api.w.org\/{rel}","templated":true}]}}